{"id":6323,"date":"2023-05-31T10:55:15","date_gmt":"2023-05-31T08:55:15","guid":{"rendered":"https:\/\/demo11.gemcommunication.com\/blog\/"},"modified":"2023-08-21T15:15:42","modified_gmt":"2023-08-21T13:15:42","slug":"blog","status":"publish","type":"page","link":"https:\/\/stayinromeapartments.com\/fr\/blog\/","title":{"rendered":"Blog"},"content":{"rendered":"\t\t<div data-elementor-type=\"wp-page\" data-elementor-id=\"6323\" class=\"elementor elementor-6323 elementor-3881\" data-elementor-post-type=\"page\">\n\t\t\t\t\t\t<section class=\"elementor-section elementor-top-section elementor-element elementor-element-3e1f25d2 elementor-section-height-min-height elementor-section-boxed elementor-section-height-default elementor-section-items-middle\" data-id=\"3e1f25d2\" data-element_type=\"section\" data-e-type=\"section\" data-settings=\"{&quot;background_background&quot;:&quot;classic&quot;}\">\n\t\t\t\t\t\t\t<div class=\"elementor-background-overlay\"><\/div>\n\t\t\t\t\t\t\t<div class=\"elementor-container elementor-column-gap-default\">\n\t\t\t\t\t<div class=\"elementor-column elementor-col-100 elementor-top-column elementor-element elementor-element-50eb34af\" data-id=\"50eb34af\" data-element_type=\"column\" data-e-type=\"column\">\n\t\t\t<div class=\"elementor-widget-wrap elementor-element-populated\">\n\t\t\t\t\t\t<div class=\"elementor-element elementor-element-7a54cfba elementor-invisible elementor-widget elementor-widget-heading\" data-id=\"7a54cfba\" data-element_type=\"widget\" data-e-type=\"widget\" data-settings=\"{&quot;_animation&quot;:&quot;fadeInDown&quot;}\" data-widget_type=\"heading.default\">\n\t\t\t\t<div class=\"elementor-widget-container\">\n\t\t\t\t\t<h1 class=\"elementor-heading-title elementor-size-default\">Blog<\/h1>\t\t\t\t<\/div>\n\t\t\t\t<\/div>\n\t\t\t\t<div class=\"elementor-element elementor-element-32d525ad elementor-invisible elementor-widget elementor-widget-heading\" data-id=\"32d525ad\" data-element_type=\"widget\" data-e-type=\"widget\" data-settings=\"{&quot;_animation&quot;:&quot;fadeInDown&quot;}\" data-widget_type=\"heading.default\">\n\t\t\t\t<div class=\"elementor-widget-container\">\n\t\t\t\t\t<h1 class=\"elementor-heading-title elementor-size-default\">lisez nos news<\/h1>\t\t\t\t<\/div>\n\t\t\t\t<\/div>\n\t\t\t\t\t<\/div>\n\t\t<\/div>\n\t\t\t\t\t<\/div>\n\t\t<\/section>\n\t\t\t\t<section class=\"elementor-section elementor-top-section elementor-element elementor-element-4e21f55 elementor-section-boxed elementor-section-height-default elementor-section-height-default\" data-id=\"4e21f55\" data-element_type=\"section\" data-e-type=\"section\">\n\t\t\t\t\t\t<div class=\"elementor-container elementor-column-gap-default\">\n\t\t\t\t\t<div class=\"elementor-column elementor-col-100 elementor-top-column elementor-element elementor-element-f6d5fb4\" data-id=\"f6d5fb4\" data-element_type=\"column\" data-e-type=\"column\">\n\t\t\t<div class=\"elementor-widget-wrap elementor-element-populated\">\n\t\t\t\t\t\t\t<\/div>\n\t\t<\/div>\n\t\t\t\t\t<\/div>\n\t\t<\/section>\n\t\t\t\t<\/div>\n\t\t","protected":false},"excerpt":{"rendered":"<p>Blog lisez nos news<\/p>\n","protected":false},"author":1,"featured_media":0,"parent":0,"menu_order":0,"comment_status":"closed","ping_status":"closed","template":"elementor_header_footer","meta":{"_acf_changed":false,"footnotes":""},"class_list":["post-6323","page","type-page","status-publish","hentry"],"acf":[],"yoast_head":"<!-- This site is optimized with the Yoast SEO plugin v27.4 - https:\/\/yoast.com\/product\/yoast-seo-wordpress\/ -->\n<title>Blog - Stay in Rome Apartments<\/title>\n<meta name=\"description\" content=\"Lisez nos articles de blog : d\u00e9couvrez des s\u00e9jours int\u00e9ressants et des nouvelles du monde du tourisme\" \/>\n<meta name=\"robots\" content=\"index, follow, max-snippet:-1, max-image-preview:large, max-video-preview:-1\" \/>\n<link rel=\"canonical\" href=\"https:\/\/stayinromeapartments.com\/fr\/blog\/\" \/>\n<meta property=\"og:locale\" content=\"fr_FR\" \/>\n<meta property=\"og:type\" content=\"article\" \/>\n<meta property=\"og:title\" content=\"Blog - Stay in Rome Apartments\" \/>\n<meta property=\"og:description\" content=\"Lisez nos articles de blog : d\u00e9couvrez des s\u00e9jours int\u00e9ressants et des nouvelles du monde du tourisme\" \/>\n<meta property=\"og:url\" content=\"https:\/\/stayinromeapartments.com\/fr\/blog\/\" \/>\n<meta property=\"og:site_name\" content=\"Stay in Rome Apartments\" \/>\n<meta property=\"article:publisher\" content=\"https:\/\/m.facebook.com\/StayinRomeApt\/\" \/>\n<meta property=\"article:modified_time\" content=\"2023-08-21T13:15:42+00:00\" \/>\n<meta name=\"twitter:card\" content=\"summary_large_image\" \/>\n<script type=\"application\/ld+json\" class=\"yoast-schema-graph\">{\"@context\":\"https:\\\/\\\/schema.org\",\"@graph\":[{\"@type\":\"WebPage\",\"@id\":\"https:\\\/\\\/stayinromeapartments.com\\\/fr\\\/blog\\\/\",\"url\":\"https:\\\/\\\/stayinromeapartments.com\\\/fr\\\/blog\\\/\",\"name\":\"Blog - Stay in Rome Apartments\",\"isPartOf\":{\"@id\":\"https:\\\/\\\/stayinromeapartments.com\\\/fr\\\/#website\"},\"datePublished\":\"2023-05-31T08:55:15+00:00\",\"dateModified\":\"2023-08-21T13:15:42+00:00\",\"description\":\"Lisez nos articles de blog : d\u00e9couvrez des s\u00e9jours int\u00e9ressants et des nouvelles du monde du tourisme\",\"breadcrumb\":{\"@id\":\"https:\\\/\\\/stayinromeapartments.com\\\/fr\\\/blog\\\/#breadcrumb\"},\"inLanguage\":\"fr-FR\",\"potentialAction\":[{\"@type\":\"ReadAction\",\"target\":[\"https:\\\/\\\/stayinromeapartments.com\\\/fr\\\/blog\\\/\"]}]},{\"@type\":\"BreadcrumbList\",\"@id\":\"https:\\\/\\\/stayinromeapartments.com\\\/fr\\\/blog\\\/#breadcrumb\",\"itemListElement\":[{\"@type\":\"ListItem\",\"position\":1,\"name\":\"Home\",\"item\":\"https:\\\/\\\/stayinromeapartments.com\\\/fr\\\/\"},{\"@type\":\"ListItem\",\"position\":2,\"name\":\"Blog\"}]},{\"@type\":\"WebSite\",\"@id\":\"https:\\\/\\\/stayinromeapartments.com\\\/fr\\\/#website\",\"url\":\"https:\\\/\\\/stayinromeapartments.com\\\/fr\\\/\",\"name\":\"Stay in Rome Apartments\",\"description\":\"\",\"publisher\":{\"@id\":\"https:\\\/\\\/stayinromeapartments.com\\\/fr\\\/#organization\"},\"potentialAction\":[{\"@type\":\"SearchAction\",\"target\":{\"@type\":\"EntryPoint\",\"urlTemplate\":\"https:\\\/\\\/stayinromeapartments.com\\\/fr\\\/?s={search_term_string}\"},\"query-input\":{\"@type\":\"PropertyValueSpecification\",\"valueRequired\":true,\"valueName\":\"search_term_string\"}}],\"inLanguage\":\"fr-FR\"},{\"@type\":\"Organization\",\"@id\":\"https:\\\/\\\/stayinromeapartments.com\\\/fr\\\/#organization\",\"name\":\"Stay in Rome Apartments\",\"url\":\"https:\\\/\\\/stayinromeapartments.com\\\/fr\\\/\",\"logo\":{\"@type\":\"ImageObject\",\"inLanguage\":\"fr-FR\",\"@id\":\"https:\\\/\\\/stayinromeapartments.com\\\/fr\\\/#\\\/schema\\\/logo\\\/image\\\/\",\"url\":\"https:\\\/\\\/stayinromeapartments.com\\\/wp-content\\\/uploads\\\/2023\\\/05\\\/Stayinrome_logo_2.png\",\"contentUrl\":\"https:\\\/\\\/stayinromeapartments.com\\\/wp-content\\\/uploads\\\/2023\\\/05\\\/Stayinrome_logo_2.png\",\"width\":512,\"height\":512,\"caption\":\"Stay in Rome Apartments\"},\"image\":{\"@id\":\"https:\\\/\\\/stayinromeapartments.com\\\/fr\\\/#\\\/schema\\\/logo\\\/image\\\/\"},\"sameAs\":[\"https:\\\/\\\/m.facebook.com\\\/StayinRomeApt\\\/\",\"https:\\\/\\\/www.instagram.com\\\/stayinromeapartments\\\/?hl=it\",\"https:\\\/\\\/www.youtube.com\\\/channel\\\/UCeo3i64GylhH_CQhq_v2HbQ\",\"https:\\\/\\\/www.linkedin.com\\\/company\\\/stay-in-rome-apartments\\\/?originalSubdomain=it\"]}]}<\/script>\n<!-- \/ Yoast SEO plugin. -->","yoast_head_json":{"title":"Blog - Stay in Rome Apartments","description":"Lisez nos articles de blog : d\u00e9couvrez des s\u00e9jours int\u00e9ressants et des nouvelles du monde du tourisme","robots":{"index":"index","follow":"follow","max-snippet":"max-snippet:-1","max-image-preview":"max-image-preview:large","max-video-preview":"max-video-preview:-1"},"canonical":"https:\/\/stayinromeapartments.com\/fr\/blog\/","og_locale":"fr_FR","og_type":"article","og_title":"Blog - Stay in Rome Apartments","og_description":"Lisez nos articles de blog : d\u00e9couvrez des s\u00e9jours int\u00e9ressants et des nouvelles du monde du tourisme","og_url":"https:\/\/stayinromeapartments.com\/fr\/blog\/","og_site_name":"Stay in Rome Apartments","article_publisher":"https:\/\/m.facebook.com\/StayinRomeApt\/","article_modified_time":"2023-08-21T13:15:42+00:00","twitter_card":"summary_large_image","schema":{"@context":"https:\/\/schema.org","@graph":[{"@type":"WebPage","@id":"https:\/\/stayinromeapartments.com\/fr\/blog\/","url":"https:\/\/stayinromeapartments.com\/fr\/blog\/","name":"Blog - Stay in Rome Apartments","isPartOf":{"@id":"https:\/\/stayinromeapartments.com\/fr\/#website"},"datePublished":"2023-05-31T08:55:15+00:00","dateModified":"2023-08-21T13:15:42+00:00","description":"Lisez nos articles de blog : d\u00e9couvrez des s\u00e9jours int\u00e9ressants et des nouvelles du monde du tourisme","breadcrumb":{"@id":"https:\/\/stayinromeapartments.com\/fr\/blog\/#breadcrumb"},"inLanguage":"fr-FR","potentialAction":[{"@type":"ReadAction","target":["https:\/\/stayinromeapartments.com\/fr\/blog\/"]}]},{"@type":"BreadcrumbList","@id":"https:\/\/stayinromeapartments.com\/fr\/blog\/#breadcrumb","itemListElement":[{"@type":"ListItem","position":1,"name":"Home","item":"https:\/\/stayinromeapartments.com\/fr\/"},{"@type":"ListItem","position":2,"name":"Blog"}]},{"@type":"WebSite","@id":"https:\/\/stayinromeapartments.com\/fr\/#website","url":"https:\/\/stayinromeapartments.com\/fr\/","name":"Stay in Rome Apartments","description":"","publisher":{"@id":"https:\/\/stayinromeapartments.com\/fr\/#organization"},"potentialAction":[{"@type":"SearchAction","target":{"@type":"EntryPoint","urlTemplate":"https:\/\/stayinromeapartments.com\/fr\/?s={search_term_string}"},"query-input":{"@type":"PropertyValueSpecification","valueRequired":true,"valueName":"search_term_string"}}],"inLanguage":"fr-FR"},{"@type":"Organization","@id":"https:\/\/stayinromeapartments.com\/fr\/#organization","name":"Stay in Rome Apartments","url":"https:\/\/stayinromeapartments.com\/fr\/","logo":{"@type":"ImageObject","inLanguage":"fr-FR","@id":"https:\/\/stayinromeapartments.com\/fr\/#\/schema\/logo\/image\/","url":"https:\/\/stayinromeapartments.com\/wp-content\/uploads\/2023\/05\/Stayinrome_logo_2.png","contentUrl":"https:\/\/stayinromeapartments.com\/wp-content\/uploads\/2023\/05\/Stayinrome_logo_2.png","width":512,"height":512,"caption":"Stay in Rome Apartments"},"image":{"@id":"https:\/\/stayinromeapartments.com\/fr\/#\/schema\/logo\/image\/"},"sameAs":["https:\/\/m.facebook.com\/StayinRomeApt\/","https:\/\/www.instagram.com\/stayinromeapartments\/?hl=it","https:\/\/www.youtube.com\/channel\/UCeo3i64GylhH_CQhq_v2HbQ","https:\/\/www.linkedin.com\/company\/stay-in-rome-apartments\/?originalSubdomain=it"]}]}},"_links":{"self":[{"href":"https:\/\/stayinromeapartments.com\/fr\/wp-json\/wp\/v2\/pages\/6323","targetHints":{"allow":["GET"]}}],"collection":[{"href":"https:\/\/stayinromeapartments.com\/fr\/wp-json\/wp\/v2\/pages"}],"about":[{"href":"https:\/\/stayinromeapartments.com\/fr\/wp-json\/wp\/v2\/types\/page"}],"author":[{"embeddable":true,"href":"https:\/\/stayinromeapartments.com\/fr\/wp-json\/wp\/v2\/users\/1"}],"replies":[{"embeddable":true,"href":"https:\/\/stayinromeapartments.com\/fr\/wp-json\/wp\/v2\/comments?post=6323"}],"version-history":[{"count":1,"href":"https:\/\/stayinromeapartments.com\/fr\/wp-json\/wp\/v2\/pages\/6323\/revisions"}],"predecessor-version":[{"id":6324,"href":"https:\/\/stayinromeapartments.com\/fr\/wp-json\/wp\/v2\/pages\/6323\/revisions\/6324"}],"wp:attachment":[{"href":"https:\/\/stayinromeapartments.com\/fr\/wp-json\/wp\/v2\/media?parent=6323"}],"curies":[{"name":"wp","href":"https:\/\/api.w.org\/{rel}","templated":true}]}}